{"id":1163,"date":"2020-03-13T17:59:30","date_gmt":"2020-03-13T16:59:30","guid":{"rendered":"http:\/\/bellini-photo.com\/?page_id=1163"},"modified":"2026-01-10T16:01:55","modified_gmt":"2026-01-10T15:01:55","slug":"chi-sono","status":"publish","type":"page","link":"https:\/\/bellini-photo.com\/en\/chi-sono\/","title":{"rendered":"Who I am"},"content":{"rendered":"\n[et_pb_section fb_built=&#8221;1&#8243; fullwidth=&#8221;on&#8221; admin_label=&#8221;Hero Section&#8221; _builder_version=&#8221;4.16&#8243; background_color=&#8221;rgba(255,255,255,0.7)&#8221; height_tablet=&#8221;&#8221; height_phone=&#8221;190px&#8221; height_last_edited=&#8221;on|phone&#8221; max_height_tablet=&#8221;&#8221; max_height_phone=&#8221;195px&#8221; max_height_last_edited=&#8221;on|phone&#8221; custom_padding=&#8221;0px||0px||false|false&#8221; animation_style=&#8221;zoom&#8221; animation_direction=&#8221;bottom&#8221; animation_intensity_zoom=&#8221;4%&#8221; global_colors_info=&#8221;{}&#8221;][et_pb_fullwidth_header title=&#8221;Chi sono&#8221; subhead=&#8221;mi presento&#8221; text_orientation=&#8221;center&#8221; background_overlay_color=&#8221;rgba(255,255,255,0.85)&#8221; title_font_color=&#8221;#444235&#8243; subhead_font_color=&#8221;#444235&#8243; title_tablet=&#8221;&#8221; title_phone=&#8221;Chi Sono&#8221; title_last_edited=&#8221;on|phone&#8221; content_max_width_tablet=&#8221;&#8221; content_max_width_phone=&#8221;&#8221; content_max_width_last_edited=&#8221;on|phone&#8221; admin_label=&#8221;Hero&#8221; _builder_version=&#8221;4.16&#8243; title_font=&#8221;Aref Ruqaa||||||||&#8221; title_text_align=&#8221;center&#8221; title_text_color=&#8221;#444235&#8243; title_font_size=&#8221;72px&#8221; title_line_height=&#8221;1.3em&#8221; content_text_align=&#8221;center&#8221; subhead_font=&#8221;Open Sans|||on|&#8221; subhead_text_color=&#8221;#d1af83&#8243; subhead_font_size=&#8221;20px&#8221; subhead_letter_spacing=&#8221;8px&#8221; subhead_line_height=&#8221;1.6em&#8221; background_color=&#8221;rgba(255, 255, 255, 0)&#8221; background_image=&#8221;https:\/\/bellini-photo.com\/wp-content\/uploads\/2020\/02\/page-header-bg.jpg&#8221; parallax=&#8221;on&#8221; parallax_method=&#8221;on&#8221; custom_button_one=&#8221;on&#8221; button_one_text_size=&#8221;16px&#8221; button_one_text_color=&#8221;#ffffff&#8221; button_one_bg_color=&#8221;#d1af83&#8243; button_one_border_width=&#8221;10px&#8221; button_one_border_color=&#8221;#d1af83&#8243; button_one_border_radius=&#8221;0px&#8221; button_one_letter_spacing=&#8221;6px&#8221; button_one_font=&#8221;Open Sans||||&#8221; button_one_icon=&#8221;&#x24;||divi||400&#8243; button_one_icon_color=&#8221;#ffffff&#8221; button_one_on_hover=&#8221;off&#8221; background_layout=&#8221;light&#8221; max_width_tablet=&#8221;&#8221; max_width_phone=&#8221;&#8221; max_width_last_edited=&#8221;on|phone&#8221; max_height_tablet=&#8221;&#8221; max_height_phone=&#8221;&#8221; max_height_last_edited=&#8221;on|phone&#8221; custom_margin_tablet=&#8221;&#8221; custom_margin_phone=&#8221;0px||||false|false&#8221; custom_margin_last_edited=&#8221;on|desktop&#8221; custom_padding=&#8221;0px||34px||false|false&#8221; custom_padding_tablet=&#8221;&#8221; custom_padding_phone=&#8221;0px||0px||false|false&#8221; custom_padding_last_edited=&#8221;on|phone&#8221; animation_style=&#8221;fade&#8221; title_font_tablet=&#8221;&#8221; title_font_phone=&#8221;&#8221; title_font_last_edited=&#8221;on|phone&#8221; title_text_align_tablet=&#8221;&#8221; title_text_align_phone=&#8221;center&#8221; title_text_align_last_edited=&#8221;on|phone&#8221; title_text_color_tablet=&#8221;&#8221; title_text_color_phone=&#8221;&#8221; title_text_color_last_edited=&#8221;on|phone&#8221; title_font_size_tablet=&#8221;&#8221; title_font_size_phone=&#8221;50px&#8221; title_font_size_last_edited=&#8221;on|phone&#8221; title_letter_spacing_tablet=&#8221;&#8221; title_letter_spacing_phone=&#8221;0px&#8221; title_letter_spacing_last_edited=&#8221;on|phone&#8221; title_line_height_tablet=&#8221;&#8221; title_line_height_phone=&#8221;1.3em&#8221; title_line_height_last_edited=&#8221;on|phone&#8221; content_text_align_tablet=&#8221;&#8221; content_text_align_phone=&#8221;center&#8221; content_text_align_last_edited=&#8221;on|phone&#8221; content_font_size_tablet=&#8221;&#8221; content_font_size_phone=&#8221;&#8221; content_font_size_last_edited=&#8221;on|phone&#8221; subhead_font_size_tablet=&#8221;&#8221; subhead_font_size_phone=&#8221;18px&#8221; subhead_font_size_last_edited=&#8221;on|phone&#8221; module_alignment_tablet=&#8221;&#8221; module_alignment_phone=&#8221;center&#8221; module_alignment_last_edited=&#8221;on|phone&#8221; button_one_letter_spacing_hover=&#8221;10px&#8221; saved_tabs=&#8221;all&#8221; global_colors_info=&#8221;{}&#8221; button_one_text_size__hover_enabled=&#8221;off&#8221; button_two_text_size__hover_enabled=&#8221;off&#8221; button_one_text_color__hover_enabled=&#8221;off&#8221; button_two_text_color__hover_enabled=&#8221;off&#8221; button_one_border_width__hover_enabled=&#8221;off&#8221; button_two_border_width__hover_enabled=&#8221;off&#8221; button_one_border_color__hover_enabled=&#8221;off&#8221; button_two_border_color__hover_enabled=&#8221;off&#8221; button_one_border_radius__hover_enabled=&#8221;off&#8221; button_two_border_radius__hover_enabled=&#8221;off&#8221; button_one_letter_spacing__hover_enabled=&#8221;on&#8221; button_one_letter_spacing__hover=&#8221;10px&#8221; button_two_letter_spacing__hover_enabled=&#8221;off&#8221; button_one_bg_color__hover_enabled=&#8221;off&#8221; button_two_bg_color__hover_enabled=&#8221;off&#8221;][\/et_pb_fullwidth_header][\/et_pb_section][et_pb_section fb_built=&#8221;1&#8243; custom_padding_last_edited=&#8221;on|phone&#8221; admin_label=&#8221;Contact Form Section&#8221; _builder_version=&#8221;4.16&#8243; max_width_tablet=&#8221;&#8221; max_width_phone=&#8221;&#8221; max_width_last_edited=&#8221;on|phone&#8221; min_height=&#8221;1044px&#8221; min_height_tablet=&#8221;&#8221; min_height_phone=&#8221;&#8221; min_height_last_edited=&#8221;on|phone&#8221; custom_margin=&#8221;-28px||||false|false&#8221; custom_padding=&#8221;26px||0px|||&#8221; custom_padding_tablet=&#8221;&#8221; custom_padding_phone=&#8221;0px||64px||false|false&#8221; global_colors_info=&#8221;{}&#8221;][et_pb_row column_structure=&#8221;1_2,1_2&#8243; _builder_version=&#8221;4.16&#8243; background_enable_image=&#8221;off&#8221; custom_margin=&#8221;-14px|auto||auto||&#8221; custom_margin_tablet=&#8221;&#8221; custom_margin_phone=&#8221;&#8221; custom_margin_last_edited=&#8221;on|phone&#8221; custom_padding=&#8221;||31px|||&#8221; global_colors_info=&#8221;{}&#8221;][et_pb_column type=&#8221;1_2&#8243; _builder_version=&#8221;4.16&#8243; background_enable_image=&#8221;off&#8221; global_colors_info=&#8221;{}&#8221;][et_pb_image src=&#8221;https:\/\/bellini-photo.com\/wp-content\/uploads\/2020\/03\/DSC_6081-scaled.jpg&#8221; _builder_version=&#8221;4.16&#8243; custom_margin=&#8221;||3px|||&#8221; custom_padding=&#8221;||0px|||&#8221; global_colors_info=&#8221;{}&#8221;][\/et_pb_image][\/et_pb_column][et_pb_column type=&#8221;1_2&#8243; _builder_version=&#8221;4.16&#8243; global_colors_info=&#8221;{}&#8221;][et_pb_text _builder_version=&#8221;4.16&#8243; global_colors_info=&#8221;{}&#8221;]<p style=\"text-align: justify;\">Ogni servizio fotografico, in particolare quello del giorno delle vostro matrimonio \u00e8 unico e irripetibile. Per questo motivo \u00e8 fondamentale rivolgersi a un fotografo in grado di cogliere i migliori momenti del vostro evento con stile e creativit\u00e0, fissandoli in foto uniche e trasformandoli in un ricordo indelebile.<\/p>\n<p style=\"text-align: justify;\"><span style=\"font-size: large; color: #d1af83;\"><strong>Professionista internazionale<\/strong><\/span><\/p>\n<p style=\"text-align: justify;\">Sono una professionista fotografa e videografa in Italia con oltre 12 anni di esperienza, anche a livello internazionale.\u00a0<\/p>\n<p style=\"text-align: justify;\"><span style=\"font-size: large; color: #d1af83;\"><strong>I mie servizi offerti<\/strong><\/span><\/p>\n<p style=\"text-align: justify;\">Offro diverse tipologie di servizi fotografici a seconda dei vostri gusti personali e delle vostre esigenze organizzative. Il pacchetto matrimonio include la mia presenza durante tutto l&#8217;arco della giornata, dalla preparazione a casa degli sposi fino alla cerimonia, e dal banchetto alla festa finale.<\/p>\n<p style=\"text-align: justify;\">Le migliori immagini verranno abilmente e finemente elaborate e post prodotte, per un risultato finale che vi lascer\u00e0 a bocca aperta.<\/p>\n<p style=\"text-align: justify;\">Se lo desiderate, inoltre, potrete richiedere la realizzazione di meravigliosi ed eleganti album e fotolibri, con stampe fine art di altissima qualit\u00e0, per conservare per sempre il ricordo del vostro giorno pi\u00f9 speciale.<\/p>\n<p style=\"text-align: justify;\"><span color=\"#d1af83\" style=\"color: #d1af83;\"><span style=\"font-size: 18px;\"><b>Servizi fotografici in tutta italia.<\/b><\/span><\/span><\/p>\n<p style=\"text-align: justify;\">Organizzo il vostro servizio fotografico in tutta Italia, da nord a sud.\u00a0 Svolgo servizi fotografici a Venezia, Verona, Milano, Firenze ed in altre citt\u00e0 secondo le vostre richieste.<\/p>\n<p style=\"text-align: justify;\">Contattami per saperne di pi\u00f9.<\/p>[\/et_pb_text][et_pb_button button_url=&#8221;https:\/\/bellini-photo.com\/?page_id=381&#8243; button_text=&#8221;Contattami&#8221; button_alignment=&#8221;center&#8221; _builder_version=&#8221;4.16&#8243; hover_enabled=&#8221;0&#8243; global_colors_info=&#8221;{}&#8221; sticky_enabled=&#8221;0&#8243;][\/et_pb_button][\/et_pb_column][\/et_pb_row][\/et_pb_section]\n","protected":false},"excerpt":{"rendered":"<p>Ogni servizio fotografico, in particolare quello del giorno delle vostro matrimonio \u00e8 unico e irripetibile. Per questo motivo \u00e8 fondamentale rivolgersi a un fotografo in grado di cogliere i migliori momenti del vostro evento con stile e creativit\u00e0, fissandoli in foto uniche e trasformandoli in un ricordo indelebile. Professionista internazionale Sono una professionista fotografa e [&hellip;]<\/p>\n","protected":false},"author":1,"featured_media":1263,"parent":0,"menu_order":0,"comment_status":"closed","ping_status":"closed","template":"","meta":{"_et_pb_use_builder":"on","_et_pb_old_content":"","_et_gb_content_width":"","footnotes":""},"class_list":["post-1163","page","type-page","status-publish","has-post-thumbnail","hentry"],"yoast_head":"<!-- This site is optimized with the Yoast SEO plugin v27.4 - https:\/\/yoast.com\/product\/yoast-seo-wordpress\/ -->\n<title>Chi sono<\/title>\n<meta name=\"description\" content=\"Fotografa matrimoni Venezia specializzata in reportage eleganti e naturali, per raccontare storie d\u2019amore autentiche nella magia di Venezia.\" \/>\n<meta name=\"robots\" content=\"index, follow, max-snippet:-1, max-image-preview:large, max-video-preview:-1\" \/>\n<link rel=\"canonical\" href=\"https:\/\/bellini-photo.com\/en\/chi-sono\/\" \/>\n<meta property=\"og:locale\" content=\"en_US\" \/>\n<meta property=\"og:type\" content=\"article\" \/>\n<meta property=\"og:title\" content=\"Chi sono\" \/>\n<meta property=\"og:description\" content=\"Fotografa matrimoni Venezia specializzata in reportage eleganti e naturali, per raccontare storie d\u2019amore autentiche nella magia di Venezia.\" \/>\n<meta property=\"og:url\" content=\"https:\/\/bellini-photo.com\/en\/chi-sono\/\" \/>\n<meta property=\"og:site_name\" content=\"belliniphoto\" \/>\n<meta property=\"article:modified_time\" content=\"2026-01-10T15:01:55+00:00\" \/>\n<meta property=\"og:image\" content=\"https:\/\/bellini-photo.com\/wp-content\/uploads\/2020\/03\/DSC_6081-scaled.jpg\" \/>\n\t<meta property=\"og:image:width\" content=\"1921\" \/>\n\t<meta property=\"og:image:height\" content=\"2882\" \/>\n\t<meta property=\"og:image:type\" content=\"image\/jpeg\" \/>\n<meta name=\"twitter:card\" content=\"summary_large_image\" \/>\n<meta name=\"twitter:label1\" content=\"Est. reading time\" \/>\n\t<meta name=\"twitter:data1\" content=\"2 minutes\" \/>\n<script type=\"application\/ld+json\" class=\"yoast-schema-graph\">{\"@context\":\"https:\\\/\\\/schema.org\",\"@graph\":[{\"@type\":\"WebPage\",\"@id\":\"https:\\\/\\\/bellini-photo.com\\\/chi-sono\\\/\",\"url\":\"https:\\\/\\\/bellini-photo.com\\\/chi-sono\\\/\",\"name\":\"Chi sono\",\"isPartOf\":{\"@id\":\"https:\\\/\\\/bellini-photo.com\\\/#website\"},\"primaryImageOfPage\":{\"@id\":\"https:\\\/\\\/bellini-photo.com\\\/chi-sono\\\/#primaryimage\"},\"image\":{\"@id\":\"https:\\\/\\\/bellini-photo.com\\\/chi-sono\\\/#primaryimage\"},\"thumbnailUrl\":\"https:\\\/\\\/bellini-photo.com\\\/wp-content\\\/uploads\\\/2020\\\/03\\\/DSC_6081-scaled.jpg\",\"datePublished\":\"2020-03-13T16:59:30+00:00\",\"dateModified\":\"2026-01-10T15:01:55+00:00\",\"description\":\"Fotografa matrimoni Venezia specializzata in reportage eleganti e naturali, per raccontare storie d\u2019amore autentiche nella magia di Venezia.\",\"breadcrumb\":{\"@id\":\"https:\\\/\\\/bellini-photo.com\\\/chi-sono\\\/#breadcrumb\"},\"inLanguage\":\"en-US\",\"potentialAction\":[{\"@type\":\"ReadAction\",\"target\":[\"https:\\\/\\\/bellini-photo.com\\\/chi-sono\\\/\"]}]},{\"@type\":\"ImageObject\",\"inLanguage\":\"en-US\",\"@id\":\"https:\\\/\\\/bellini-photo.com\\\/chi-sono\\\/#primaryimage\",\"url\":\"https:\\\/\\\/bellini-photo.com\\\/wp-content\\\/uploads\\\/2020\\\/03\\\/DSC_6081-scaled.jpg\",\"contentUrl\":\"https:\\\/\\\/bellini-photo.com\\\/wp-content\\\/uploads\\\/2020\\\/03\\\/DSC_6081-scaled.jpg\",\"width\":1921,\"height\":2882},{\"@type\":\"BreadcrumbList\",\"@id\":\"https:\\\/\\\/bellini-photo.com\\\/chi-sono\\\/#breadcrumb\",\"itemListElement\":[{\"@type\":\"ListItem\",\"position\":1,\"name\":\"Home\",\"item\":\"https:\\\/\\\/bellini-photo.com\\\/\"},{\"@type\":\"ListItem\",\"position\":2,\"name\":\"Chi sono\"}]},{\"@type\":\"WebSite\",\"@id\":\"https:\\\/\\\/bellini-photo.com\\\/#website\",\"url\":\"https:\\\/\\\/bellini-photo.com\\\/\",\"name\":\"belliniphoto\",\"description\":\"Fotografo Venezia\",\"publisher\":{\"@id\":\"https:\\\/\\\/bellini-photo.com\\\/#organization\"},\"potentialAction\":[{\"@type\":\"SearchAction\",\"target\":{\"@type\":\"EntryPoint\",\"urlTemplate\":\"https:\\\/\\\/bellini-photo.com\\\/?s={search_term_string}\"},\"query-input\":{\"@type\":\"PropertyValueSpecification\",\"valueRequired\":true,\"valueName\":\"search_term_string\"}}],\"inLanguage\":\"en-US\"},{\"@type\":\"Organization\",\"@id\":\"https:\\\/\\\/bellini-photo.com\\\/#organization\",\"name\":\"belliniphoto\",\"url\":\"https:\\\/\\\/bellini-photo.com\\\/\",\"logo\":{\"@type\":\"ImageObject\",\"inLanguage\":\"en-US\",\"@id\":\"https:\\\/\\\/bellini-photo.com\\\/#\\\/schema\\\/logo\\\/image\\\/\",\"url\":\"https:\\\/\\\/bellini-photo.com\\\/wp-content\\\/uploads\\\/2020\\\/03\\\/cropped-logo-Bellini.jpg\",\"contentUrl\":\"https:\\\/\\\/bellini-photo.com\\\/wp-content\\\/uploads\\\/2020\\\/03\\\/cropped-logo-Bellini.jpg\",\"width\":512,\"height\":512,\"caption\":\"belliniphoto\"},\"image\":{\"@id\":\"https:\\\/\\\/bellini-photo.com\\\/#\\\/schema\\\/logo\\\/image\\\/\"},\"sameAs\":[\"https:\\\/\\\/www.instagram.com\\\/bellini_photo_italy\\\/\"]}]}<\/script>\n<!-- \/ Yoast SEO plugin. -->","yoast_head_json":{"title":"Who I am","description":"Fotografa matrimoni Venezia specializzata in reportage eleganti e naturali, per raccontare storie d\u2019amore autentiche nella magia di Venezia.","robots":{"index":"index","follow":"follow","max-snippet":"max-snippet:-1","max-image-preview":"max-image-preview:large","max-video-preview":"max-video-preview:-1"},"canonical":"https:\/\/bellini-photo.com\/en\/chi-sono\/","og_locale":"en_US","og_type":"article","og_title":"Chi sono","og_description":"Fotografa matrimoni Venezia specializzata in reportage eleganti e naturali, per raccontare storie d\u2019amore autentiche nella magia di Venezia.","og_url":"https:\/\/bellini-photo.com\/en\/chi-sono\/","og_site_name":"belliniphoto","article_modified_time":"2026-01-10T15:01:55+00:00","og_image":[{"width":1921,"height":2882,"url":"https:\/\/bellini-photo.com\/wp-content\/uploads\/2020\/03\/DSC_6081-scaled.jpg","type":"image\/jpeg"}],"twitter_card":"summary_large_image","twitter_misc":{"Est. reading time":"2 minutes"},"schema":{"@context":"https:\/\/schema.org","@graph":[{"@type":"WebPage","@id":"https:\/\/bellini-photo.com\/chi-sono\/","url":"https:\/\/bellini-photo.com\/chi-sono\/","name":"Who I am","isPartOf":{"@id":"https:\/\/bellini-photo.com\/#website"},"primaryImageOfPage":{"@id":"https:\/\/bellini-photo.com\/chi-sono\/#primaryimage"},"image":{"@id":"https:\/\/bellini-photo.com\/chi-sono\/#primaryimage"},"thumbnailUrl":"https:\/\/bellini-photo.com\/wp-content\/uploads\/2020\/03\/DSC_6081-scaled.jpg","datePublished":"2020-03-13T16:59:30+00:00","dateModified":"2026-01-10T15:01:55+00:00","description":"Fotografa matrimoni Venezia specializzata in reportage eleganti e naturali, per raccontare storie d\u2019amore autentiche nella magia di Venezia.","breadcrumb":{"@id":"https:\/\/bellini-photo.com\/chi-sono\/#breadcrumb"},"inLanguage":"en-US","potentialAction":[{"@type":"ReadAction","target":["https:\/\/bellini-photo.com\/chi-sono\/"]}]},{"@type":"ImageObject","inLanguage":"en-US","@id":"https:\/\/bellini-photo.com\/chi-sono\/#primaryimage","url":"https:\/\/bellini-photo.com\/wp-content\/uploads\/2020\/03\/DSC_6081-scaled.jpg","contentUrl":"https:\/\/bellini-photo.com\/wp-content\/uploads\/2020\/03\/DSC_6081-scaled.jpg","width":1921,"height":2882},{"@type":"BreadcrumbList","@id":"https:\/\/bellini-photo.com\/chi-sono\/#breadcrumb","itemListElement":[{"@type":"ListItem","position":1,"name":"Home","item":"https:\/\/bellini-photo.com\/"},{"@type":"ListItem","position":2,"name":"Chi sono"}]},{"@type":"WebSite","@id":"https:\/\/bellini-photo.com\/#website","url":"https:\/\/bellini-photo.com\/","name":"belliniphoto","description":"Fotografo Venezia","publisher":{"@id":"https:\/\/bellini-photo.com\/#organization"},"potentialAction":[{"@type":"SearchAction","target":{"@type":"EntryPoint","urlTemplate":"https:\/\/bellini-photo.com\/?s={search_term_string}"},"query-input":{"@type":"PropertyValueSpecification","valueRequired":true,"valueName":"search_term_string"}}],"inLanguage":"en-US"},{"@type":"Organization","@id":"https:\/\/bellini-photo.com\/#organization","name":"belliniphoto","url":"https:\/\/bellini-photo.com\/","logo":{"@type":"ImageObject","inLanguage":"en-US","@id":"https:\/\/bellini-photo.com\/#\/schema\/logo\/image\/","url":"https:\/\/bellini-photo.com\/wp-content\/uploads\/2020\/03\/cropped-logo-Bellini.jpg","contentUrl":"https:\/\/bellini-photo.com\/wp-content\/uploads\/2020\/03\/cropped-logo-Bellini.jpg","width":512,"height":512,"caption":"belliniphoto"},"image":{"@id":"https:\/\/bellini-photo.com\/#\/schema\/logo\/image\/"},"sameAs":["https:\/\/www.instagram.com\/bellini_photo_italy\/"]}]}},"_links":{"self":[{"href":"https:\/\/bellini-photo.com\/en\/wp-json\/wp\/v2\/pages\/1163","targetHints":{"allow":["GET"]}}],"collection":[{"href":"https:\/\/bellini-photo.com\/en\/wp-json\/wp\/v2\/pages"}],"about":[{"href":"https:\/\/bellini-photo.com\/en\/wp-json\/wp\/v2\/types\/page"}],"author":[{"embeddable":true,"href":"https:\/\/bellini-photo.com\/en\/wp-json\/wp\/v2\/users\/1"}],"replies":[{"embeddable":true,"href":"https:\/\/bellini-photo.com\/en\/wp-json\/wp\/v2\/comments?post=1163"}],"version-history":[{"count":37,"href":"https:\/\/bellini-photo.com\/en\/wp-json\/wp\/v2\/pages\/1163\/revisions"}],"predecessor-version":[{"id":1933,"href":"https:\/\/bellini-photo.com\/en\/wp-json\/wp\/v2\/pages\/1163\/revisions\/1933"}],"wp:featuredmedia":[{"embeddable":true,"href":"https:\/\/bellini-photo.com\/en\/wp-json\/wp\/v2\/media\/1263"}],"wp:attachment":[{"href":"https:\/\/bellini-photo.com\/en\/wp-json\/wp\/v2\/media?parent=1163"}],"curies":[{"name":"wp","href":"https:\/\/api.w.org\/{rel}","templated":true}]}}